{"id":88,"date":"2016-01-30T21:35:47","date_gmt":"2016-01-30T20:35:47","guid":{"rendered":"http:\/\/intecma.biz\/?page_id=88"},"modified":"2018-08-02T08:31:22","modified_gmt":"2018-08-02T06:31:22","slug":"datenschutz","status":"publish","type":"page","link":"https:\/\/intecma.biz\/personal-reinigung-gebaeude\/datenschutz\/","title":{"rendered":"Datenschutz"},"content":{"rendered":"<div class=\"fusion-fullwidth fullwidth-box fusion-builder-row-1 nonhundred-percent-fullwidth non-hundred-percent-height-scrolling\" style=\"--awb-background-position:left top;--awb-border-radius-top-left:0px;--awb-border-radius-top-right:0px;--awb-border-radius-bottom-right:0px;--awb-border-radius-bottom-left:0px;--awb-padding-top:20px;--awb-padding-bottom:20px;--awb-background-color:#f6f6f6;--awb-border-sizes-top:0px;--awb-border-sizes-bottom:0px;--awb-flex-wrap:wrap;\" ><div class=\"fusion-builder-row fusion-row\"><div class=\"fusion-layout-column fusion_builder_column fusion-builder-column-0 fusion_builder_column_1_1 1_1 fusion-one-full fusion-column-first fusion-column-last fusion-column-no-min-height\" style=\"--awb-bg-size:cover;--awb-margin-bottom:0px;\"><div class=\"fusion-column-wrapper fusion-flex-column-wrapper-legacy\"><div class=\"fusion-text fusion-text-1\"><h2>Datenschutzerkl\u00e4rung<\/h2>\n<p><strong>Datenschutz<\/strong><\/p>\n<p>Die Betreiber dieser Seiten nehmen den Schutz Ihrer pers\u00f6nlichen Daten sehr ernst. Wir behandeln Ihre personenbezogenen Daten vertraulich und entsprechend der gesetzlichen Datenschutzvorschriften sowie dieser Datenschutzerkl\u00e4rung.<\/p>\n<p>Wir weisen darauf hin, dass die Daten\u00fcbertragung im Internet (z.B. bei der Kommunikation per E-Mail) Sicherheitsl\u00fccken aufweisen kann. Ein l\u00fcckenloser Schutz der Daten vor dem Zugriff durch Dritte ist nicht m\u00f6glich.<\/p>\n<p>Der Nutzung von im Rahmen der Impressumspflicht ver\u00f6ffentlichten Kontaktdaten durch Dritte zur \u00dcbersendung von nicht ausdr\u00fccklich angeforderter Werbung und Informationsmaterialien wird hiermit ausdr\u00fccklich widersprochen. Die Betreiber der Seiten behalten sich ausdr\u00fccklich rechtliche Schritte im Falle der unverlangten Zusendung von Werbeinformationen, etwa durch Spam-Mails, vor.<\/p>\n<p><strong>Datenerhebung durch INTECMA<\/strong><\/p>\n<p>Die Nutzung unserer Webseite ist in der Regel ohne Angabe personenbezogener Daten m\u00f6glich. Soweit auf unseren Seiten personenbezogene Daten (beispielsweise Name oder E-Mail-Adressen) erhoben werden, erfolgt dies, soweit m\u00f6glich, stets auf freiwilliger Basis. Diese Daten werden ohne Ihre ausdr\u00fcckliche Zustimmung nicht an Dritte weitergegeben.<\/p>\n<p>Wenn Sie unser R\u00fcckrufformular nutzen m\u00f6chten, werden folgende Daten erhoben:<\/p>\n<p>&#8211; Ihr Name<\/p>\n<p>&#8211; Ihre Telefonnummer<\/p>\n<p>Optional sind:<\/p>\n<p>&#8211; 2. Telefonnummer, E-Mail-Adresse sowie Bemerkungstext<\/p>\n<p>Diese Daten werden als E-Mail an die E-Mail-Adresse personal@intecma.biz gesendet.<\/p>\n<p><strong>Zweck der Datenerfassung<\/strong><\/p>\n<p>Die Erfassung dieser Daten dient der Kontaktaufnahme (telefonisch, E-Mail) mit Ihnen.<\/p>\n<p><strong>Wie lange werden die Daten gespeichert?<\/strong><\/p>\n<p>Die E-Mail mit Ihren Daten wird standardm\u00e4\u00dfig nach 3 Monaten gel\u00f6scht. Sollte sich in der Kommunikation mit Ihnen ergeben, dass Sie zuk\u00fcnftig eine Kontaktaufnahme unsererseits mit Ihnen w\u00fcnschen, um ggf. eine Anstellung bei INTECMA zu erzielen, so wird die Speicherung der Daten fortgesetzt bis Sie die L\u00f6schung der Daten fordern oder INTECMA die L\u00f6schung der Daten f\u00fcr erforderlich h\u00e4lt. Sie k\u00f6nnen jederzeit, z.B. per E-Mail, eine L\u00f6schung der Daten einfordern oder die gespeicherten Daten selbst anfordern. Bei einem Arbeitsverh\u00e4ltnis mit INTECMA werden alle erhobenen Daten zum Zwecke des Arbeitsverh\u00e4ltnisses genutzt. F\u00fcr die Beendigung eines Arbeitsverh\u00e4ltnisses mit uns m\u00fcssen alle steuerrelevanten Daten 10 Jahre von uns aufbewahrt werden.<\/p>\n<hr \/>\n<p><strong>Wenn Sie unsere Webseite besuchen erhebt der Webseiten-Hoster (1&amp;1) unabh\u00e4ngig von uns weitere Daten<\/strong><\/p>\n<section id=\"c31679\" class=\"secondary\">\n<div class=\"sheet-block\">\n<p class=\"lead-paragraph\">1 &amp; 1 aktiviert standardm\u00e4\u00dfig das Tracking und Logging zum Zwecke der Analyse.<\/p>\n<\/div>\n<\/section>\n<section id=\"c31670\" class=\"default\">\n<div class=\"sheet-block\">\n<p class=\"subheadline\"><strong>Mit welchen Technologien ermittelt 1&amp;1 die Daten?<\/strong><\/p>\n<p class=\"content-paragraph\">Die Daten werden entweder durch einen Pixel oder durch ein Logfile ermittelt. Zum Schutz von personenbezogenen Daten verwendet 1&amp;1 WebAnalytics keine Cookies.<\/p>\n<\/div>\n<\/section>\n<section id=\"c31654\" class=\"secondary\">\n<div class=\"sheet-block\">\n<p class=\"subheadline\"><strong>Welche Daten speichert 1&amp;1 von meinen Websitenbesuchern?<\/strong><\/p>\n<p class=\"content-paragraph\">1&amp;1 speichert keine personenbezogenen Daten von Websitenbesuchern, damit keine R\u00fcckschl\u00fcsse auf die einzelnen Besucher gezogen werden k\u00f6nnen. Es werden folgende Daten erhoben:<\/p>\n<ul class=\"content-list bullet-list\">\n<li>Referrer (zuvor besuchte Webseite)<\/li>\n<li>Angeforderte Webseite oder Datei<\/li>\n<li>Browsertyp und Browserversion<\/li>\n<li>Verwendetes Betriebssystem<\/li>\n<li>Verwendeter Ger\u00e4tetyp<\/li>\n<li>Uhrzeit des Zugriffs<\/li>\n<li>IP-Adresse in anonymisierter Form (wird nur zur Feststellung des Orts des Zugriffs verwendet)<\/li>\n<\/ul>\n<\/div>\n<\/section>\n<p>Zus\u00e4tzlich findet eine Verarbeitung durch 1&amp;1 WebAnalytics statt.<\/p>\n<p><strong>Zu welchem Zweck werden die Daten erhoben?<\/strong><\/p>\n<p>Die Daten werden aus berechtigtem Interesse erhoben, um die Sicherheit und Stabilit\u00e4t des Angebots zu gew\u00e4hrleisten und den Webseitenbesuchern ein H\u00f6chstma\u00df an Qualit\u00e4t bereitstellen zu k\u00f6nnen.<\/p>\n<p>In 1&amp;1 WebAnalytics werden Daten ausschlie\u00dflich zur statistischen Auswertung und zur technischen Optimierung des Webangebots erhoben.<\/p>\n<p><strong>Wie lang werden die Besucherdaten gespeichert?<\/strong><\/p>\n<p>Die Daten werden 8 Wochen gespeichert.<\/p>\n<p><strong>Werden Besucherdaten an Dritte weitergegeben?<\/strong><\/p>\n<p>Nein, Ihre Daten werden nicht an Dritte weitergegeben.<\/p>\n<p><strong>Findet ein Transfer von Besucherdaten in Drittstaaten au\u00dferhalb der EU statt?<\/strong><\/p>\n<p>Nein, ein Transfer in Drittstaaten findet nicht statt.<\/p>\n<hr \/>\n<p><strong>Datenschutzerkl\u00e4rung f\u00fcr die Nutzung von Facebook-Plugins (Like-Button)<\/strong><\/p>\n<p>Auf unseren Seiten sind Plugins des sozialen Netzwerks Facebook, Anbieter Facebook Inc., 1 Hacker Way, Menlo Park, California 94025, USA, integriert. Die Facebook-Plugins erkennen Sie an dem Facebook-Logo oder dem &#8220;Like-Button&#8221; (&#8220;Gef\u00e4llt mir&#8221;) auf unserer Seite. Eine \u00dcbersicht \u00fcber die Facebook-Plugins finden Sie hier: http:\/\/developers.facebook.com\/docs\/plugins\/.<\/p>\n<p>Wenn Sie unsere Seiten besuchen, wird \u00fcber das Plugin eine direkte Verbindung zwischen Ihrem Browser und dem Facebook-Server hergestellt. Facebook erh\u00e4lt dadurch die Information, dass Sie mit Ihrer IP-Adresse unsere Seite besucht haben. Wenn Sie den Facebook &#8220;Like-Button&#8221; anklicken w\u00e4hrend Sie in Ihrem Facebook-Account eingeloggt sind, k\u00f6nnen Sie die Inhalte unserer Seiten auf Ihrem Facebook-Profil verlinken. Dadurch kann Facebook den Besuch unserer Seiten Ihrem Benutzerkonto zuordnen. Wir weisen darauf hin, dass wir als Anbieter der Seiten keine Kenntnis vom Inhalt der \u00fcbermittelten Daten sowie deren Nutzung durch Facebook erhalten. Weitere Informationen hierzu finden Sie in der Datenschutzerkl\u00e4rung von Facebook unter http:\/\/de-de.facebook.com\/policy.php.<\/p>\n<p>Wenn Sie nicht w\u00fcnschen, dass Facebook den Besuch unserer Seiten Ihrem Facebook- Nutzerkonto zuordnen kann, loggen Sie sich bitte aus Ihrem Facebook-Benutzerkonto aus.<\/p>\n<p><strong>Datenschutzerkl\u00e4rung f\u00fcr die Nutzung von Google Analytics<\/strong><\/p>\n<p>Diese Website benutzt Google Analytics, einen Webanalysedienst der Google Inc. (\u201eGoogle\u201c). Google Analytics verwendet sog. \u201eCookies\u201c, Textdateien, die auf Ihrem Computer gespeichert werden und die eine Analyse der Benutzung der Website durch Sie erm\u00f6glichen. Die durch den Cookie erzeugten Informationen \u00fcber Ihre Benutzung dieser Website werden in der Regel an einen Server von Google in den USA \u00fcbertragen und dort gespeichert. Im Falle der Aktivierung der IP-Anonymisierung auf dieser Webseite wird Ihre IP-Adresse von Google jedoch innerhalb von Mitgliedstaaten der Europ\u00e4ischen Union oder in anderen Vertragsstaaten des Abkommens \u00fcber den Europ\u00e4ischen Wirtschaftsraum zuvor gek\u00fcrzt.<br \/>\nNur in Ausnahmef\u00e4llen wird die volle IP-Adresse an einen Server von Google in den USA \u00fcbertragen und dort gek\u00fcrzt. Im Auftrag des Betreibers dieser Website wird Google diese Informationen benutzen, um Ihre Nutzung der Website auszuwerten, um Reports \u00fcber die Websiteaktivit\u00e4ten zusammenzustellen und um weitere mit der Websitenutzung und der Internetnutzung verbundene Dienstleistungen gegen\u00fcber dem Websitebetreiber zu erbringen. Die im Rahmen von Google Analytics von Ihrem Browser \u00fcbermittelte IP-Adresse wird nicht mit anderen Daten von Google zusammengef\u00fchrt.<br \/>\nSie k\u00f6nnen die Speicherung der Cookies durch eine entsprechende Einstellung Ihrer Browser-Software verhindern; wir weisen Sie jedoch darauf hin, dass Sie in diesem Fall gegebenenfalls nicht s\u00e4mtliche Funktionen dieser Website vollumf\u00e4nglich werden nutzen k\u00f6nnen. Sie k\u00f6nnen dar\u00fcber hinaus die Erfassung der durch das Cookie erzeugten und auf Ihre Nutzung der Website bezogenen Daten (inkl. Ihrer IP-Adresse) an Google sowie die Verarbeitung dieser Daten durch Google verhindern, indem sie das unter dem folgenden Link verf\u00fcgbare Browser-Plugin herunterladen und installieren: http:\/\/tools.google.com\/dlpage\/gaoptout?hl=de.<\/p>\n<p><strong>Datenschutzerkl\u00e4rung f\u00fcr die Nutzung von Google +1<\/strong><\/p>\n<p>Unsere Seiten nutzen Funktionen von Google +1. Anbieter ist die Google Inc. 1600 Amphitheatre Parkway Mountain View, CA 94043, USA.<\/p>\n<p>Erfassung und Weitergabe von Informationen: Mithilfe der Google +1-Schaltfl\u00e4che k\u00f6nnen Sie Informationen weltweit ver\u00f6ffentlichen. \u00fcber die Google +1-Schaltfl\u00e4che erhalten Sie und andere Nutzer personalisierte Inhalte von Google und unseren Partnern. Google speichert sowohl die Information, dass Sie f\u00fcr einen Inhalt +1 gegeben haben, als auch Informationen \u00fcber die Seite, die Sie beim Klicken auf +1 angesehen haben. Ihre +1 k\u00f6nnen als Hinweise zusammen mit Ihrem Profilnamen und Ihrem Foto in Google-Diensten, wie etwa in Suchergebnissen oder in Ihrem Google-Profil, oder an anderen Stellen auf Websites und Anzeigen im Internet eingeblendet werden. Google zeichnet Informationen \u00fcber Ihre +1-Aktivit\u00e4ten auf, um die Google-Dienste f\u00fcr Sie und andere zu verbessern. Um die Google +1-Schaltfl\u00e4che verwenden zu k\u00f6nnen, ben\u00f6tigen Sie ein weltweit sichtbares, \u00f6ffentliches Google-Profil, das zumindest den f\u00fcr das Profil gew\u00e4hlten Namen enthalten muss. Dieser Name wird in allen Google-Diensten verwendet. In manchen F\u00e4llen kann dieser Name auch einen anderen Namen ersetzen, den Sie beim Teilen von Inhalten \u00fcber Ihr Google-Konto verwendet haben. Die Identit\u00e4t Ihres Google- Profils kann Nutzern angezeigt werden, die Ihre E-Mail-Adresse kennen oder \u00fcber andere identifizierende Informationen von Ihnen verf\u00fcgen.<\/p>\n<p>Verwendung der erfassten Informationen: Neben den oben erl\u00e4uterten Verwendungszwecken werden die von Ihnen bereitgestellten Informationen gem\u00e4\u00df den geltenden Google-Datenschutzbestimmungen genutzt. Google ver\u00f6ffentlicht m\u00f6glicherweise zusammengefasste Statistiken \u00fcber die +1-Aktivit\u00e4ten der Nutzer bzw. gibt diese an Nutzer und Partner weiter, wie etwa Publisher, Inserenten oder verbundene Websites.<\/p>\n<p><strong>Datenschutzerkl\u00e4rung f\u00fcr die Nutzung von Instagram<\/strong><\/p>\n<p>Auf unseren Seiten sind Funktionen des Dienstes Instagram eingebunden. Diese Funktionen werden angeboten durch die Instagram Inc., 1601 Willow Road, Menlo Park, CA, 94025, USA integriert. Wenn Sie in Ihrem Instagram &#8211; Account eingeloggt sind k\u00f6nnen Sie durch Anklicken des Instagram &#8211; Buttons die Inhalte unserer Seiten mit Ihrem Instagram &#8211; Profil verlinken. Dadurch kann Instagram den Besuch unserer Seiten Ihrem Benutzerkonto zuordnen. Wir weisen darauf hin, dass wir als Anbieter der Seiten keine Kenntnis vom Inhalt der u\u0308bermittelten Daten sowie deren Nutzung durch Instagram erhalten.<\/p>\n<p>Weitere Informationen hierzu finden Sie in der Datenschutzerkl\u00e4rung von Instagram: http:\/\/instagram.com\/about\/legal\/privacy\/<\/p>\n<p><strong>Datenschutzerkl\u00e4rung f\u00fcr die Nutzung von Twitter<\/strong><\/p>\n<p>Auf unseren Seiten sind Funktionen des Dienstes Twitter eingebunden. Diese Funktionen werden angeboten durch die Twitter Inc., 1355 Market Street, Suite 900, San Francisco, CA 94103, USA. Durch das Benutzen von Twitter und der Funktion &#8220;Re-Tweet&#8221; werden die von Ihnen besuchten Webseiten mit Ihrem Twitter-Account verkn\u00fcpft und anderen Nutzern bekannt gegeben. Dabei werden auch Daten an Twitter \u00fcbertragen. Wir weisen darauf hin, dass wir als Anbieter der Seiten keine Kenntnis vom Inhalt der \u00fcbermittelten Daten sowie deren Nutzung durch Twitter erhalten. Weitere Informationen hierzu finden Sie in der Datenschutzerkl\u00e4rung von Twitter unter http:\/\/twitter.com\/privacy.<\/p>\n<p>Ihre Datenschutzeinstellungen bei Twitter k\u00f6nnen Sie in den Konto-Einstellungen unter http:\/\/twitter.com\/account\/settings \u00e4ndern.<\/p>\n<p><strong>Auskunft, L\u00f6schung, Sperrung<\/strong><\/p>\n<p>Sie haben jederzeit das Recht auf unentgeltliche Auskunft \u00fcber Ihre gespeicherten personenbezogenen Daten, deren Herkunft und Empf\u00e4nger und den Zweck der Datenverarbeitung sowie ein Recht auf Berichtigung, Sperrung oder L\u00f6schung dieser Daten. Hierzu sowie zu weiteren Fragen zum Thema personenbezogene Daten k\u00f6nnen Sie sich jederzeit unter der im Impressum angegebenen Adresse an uns wenden.<\/p>\n<p><strong>Server-Log-Files<\/strong><\/p>\n<p>Der Provider der Seiten erhebt und speichert automatisch Informationen in so genannten Server-Log Files, die Ihr Browser automatisch an uns \u00fcbermittelt. Dies sind:<\/p>\n<p>Browsertyp\/ Browserversion<br \/>\nverwendetes Betriebssystem<br \/>\nReferrer URL<br \/>\nHostname des zugreifenden Rechners<br \/>\nUhrzeit der Serveranfrage<\/p>\n<p>Diese Daten sind nicht bestimmten Personen zuordenbar. Eine Zusammenf\u00fchrung dieser Daten mit anderen Datenquellen wird nicht vorgenommen. Wir behalten uns vor, diese Daten nachtr\u00e4glich zu pr\u00fcfen, wenn uns konkrete Anhaltspunkte f\u00fcr eine rechtswidrige Nutzung bekannt werden.<\/p>\n<p><strong>Cookies<\/strong><\/p>\n<p>Die Internetseiten verwenden teilweise so genannte Cookies. Cookies richten auf Ihrem Rechner keinen Schaden an und enthalten keine Viren. Cookies dienen dazu, unser Angebot nutzerfreundlicher, effektiver und sicherer zu machen. Cookies sind kleine Textdateien, die auf Ihrem Rechner abgelegt werden und die Ihr Browser speichert.<\/p>\n<p>Die meisten der von uns verwendeten Cookies sind so genannte \u201eSession-Cookies\u201c. Sie werden nach Ende Ihres Besuchs automatisch gel\u00f6scht. Andere Cookies bleiben auf Ihrem Endger\u00e4t gespeichert, bis Sie diese l\u00f6schen. Diese Cookies erm\u00f6glichen es uns, Ihren Browser beim n\u00e4chsten Besuch wiederzuerkennen.<\/p>\n<p>Sie k\u00f6nnen Ihren Browser so einstellen, dass Sie \u00fcber das Setzen von Cookies informiert werden und Cookies nur im Einzelfall erlauben, die Annahme von Cookies f\u00fcr bestimmte F\u00e4lle oder generell ausschlie\u00dfen sowie das automatische L\u00f6schen der Cookies beim Schlie\u00dfen des Browser aktivieren. Bei der Deaktivierung von Cookies kann die Funktionalit\u00e4t dieser Website eingeschr\u00e4nkt sein.<\/p>\n<p><strong>Kontaktformular<\/strong><\/p>\n<p>Wenn Sie uns per Kontaktformular Anfragen zukommen lassen, werden Ihre Angaben aus dem Anfrageformular inklusive der von Ihnen dort angegebenen Kontaktdaten zwecks Bearbeitung der Anfrage und f\u00fcr den Fall von Anschlussfragen bei uns gespeichert. Diese Daten geben wir nicht ohne Ihre Einwilligung weiter.<\/p>\n<p>Quellen:\u00a0<em><a href=\"http:\/\/www.e-recht24.de\/\" rel=\"nofollow\">http:\/\/www.e-recht24.de<\/a>, 1&amp;1 Datenschutz (Webhoster)<\/em><\/p>\n<\/div><div class=\"fusion-clearfix\"><\/div><\/div><\/div><\/div><\/div>\n","protected":false},"excerpt":{"rendered":"","protected":false},"author":1,"featured_media":0,"parent":0,"menu_order":0,"comment_status":"closed","ping_status":"closed","template":"100-width.php","meta":{"footnotes":""},"class_list":["post-88","page","type-page","status-publish","hentry"],"_links":{"self":[{"href":"https:\/\/intecma.biz\/personal-reinigung-gebaeude\/wp-json\/wp\/v2\/pages\/88","targetHints":{"allow":["GET"]}}],"collection":[{"href":"https:\/\/intecma.biz\/personal-reinigung-gebaeude\/wp-json\/wp\/v2\/pages"}],"about":[{"href":"https:\/\/intecma.biz\/personal-reinigung-gebaeude\/wp-json\/wp\/v2\/types\/page"}],"author":[{"embeddable":true,"href":"https:\/\/intecma.biz\/personal-reinigung-gebaeude\/wp-json\/wp\/v2\/users\/1"}],"replies":[{"embeddable":true,"href":"https:\/\/intecma.biz\/personal-reinigung-gebaeude\/wp-json\/wp\/v2\/comments?post=88"}],"version-history":[{"count":14,"href":"https:\/\/intecma.biz\/personal-reinigung-gebaeude\/wp-json\/wp\/v2\/pages\/88\/revisions"}],"predecessor-version":[{"id":1115,"href":"https:\/\/intecma.biz\/personal-reinigung-gebaeude\/wp-json\/wp\/v2\/pages\/88\/revisions\/1115"}],"wp:attachment":[{"href":"https:\/\/intecma.biz\/personal-reinigung-gebaeude\/wp-json\/wp\/v2\/media?parent=88"}],"curies":[{"name":"wp","href":"https:\/\/api.w.org\/{rel}","templated":true}]}}