{"id":84,"date":"2016-01-30T21:35:13","date_gmt":"2016-01-30T20:35:13","guid":{"rendered":"http:\/\/intecma.biz\/?page_id=84"},"modified":"2018-08-02T08:32:44","modified_gmt":"2018-08-02T06:32:44","slug":"agb","status":"publish","type":"page","link":"https:\/\/intecma.biz\/personal-reinigung-gebaeude\/agb\/","title":{"rendered":"AGB"},"content":{"rendered":"<div class=\"fusion-fullwidth fullwidth-box fusion-builder-row-1 nonhundred-percent-fullwidth non-hundred-percent-height-scrolling\" style=\"--awb-background-position:left top;--awb-border-radius-top-left:0px;--awb-border-radius-top-right:0px;--awb-border-radius-bottom-right:0px;--awb-border-radius-bottom-left:0px;--awb-padding-top:20px;--awb-padding-bottom:20px;--awb-background-color:#f6f6f6;--awb-border-sizes-top:0px;--awb-border-sizes-bottom:0px;--awb-flex-wrap:wrap;\" ><div class=\"fusion-builder-row fusion-row\"><div class=\"fusion-layout-column fusion_builder_column fusion-builder-column-0 fusion_builder_column_1_1 1_1 fusion-one-full fusion-column-first fusion-column-last\" style=\"--awb-bg-size:cover;\"><div class=\"fusion-column-wrapper fusion-flex-column-wrapper-legacy\"><div class=\"fusion-text fusion-text-1\"><h1>Allgemeine Gesch\u00e4ftsbedingungen<\/h1>\n<h2>INTECMA Personaldienstleistungs GmbH<\/h2>\n<p>Allgemeines<\/p>\n<p>Die nachstehenden Bedingungen gelten f\u00fcr jeden Auftrag. Gem\u00e4\u00df \u00a7 12 A\u00dcG ist f\u00fcr jeden Auftrag zwischen Auftraggeber und Intecma ein schriftlicher Vertrag zu schlie\u00dfen. M\u00fcndliche Nebenabreden bed\u00fcrfen der schriftlichen Best\u00e4tigung. Etwaige vom Kunden vorgeschriebene Einkaufsbedingungen gelten, soweit sie von unseren Bedingungen abweichen, als widersprochen und ausgeschlossen. Die Angebote sind freibleibend.Der von Intecma entsandte Arbeitnehmer hat in dem Unternehmen des Auftraggebers die vereinbarte Arbeitszeit einzuhalten. Er hat die ihm \u00fcbertragene Arbeit unter Beachtung aller g\u00fcltigen Vorschriften, insbesondere aller Bestimmungen \u00fcber Sicherheit und Hygiene auszuf\u00fchren. Nach \u00a7 11 Abs.5 A\u00dcG obliegen dem Auftraggeber die sich aus dem Arbeitsschutzrecht obliegenden Pflichten.Im Hinblick darauf, dass der entsandte Arbeitnehmer unter der Leitung und Aufsicht des Auftraggebers seine T\u00e4tigkeit aus\u00fcbt, haftet Intecma nicht f\u00fcr Sch\u00e4den, die der Arbeitnehmer in Aus\u00fcbung oder anl\u00e4sslich seiner T\u00e4tigkeit verursachen sollte, und stellt Intecma von allen etwaigen Anspr\u00fcchen frei, die dritte Personen im Zusammenhang mit der Ausf\u00fchrung und Verrichtung der dem entsandten Arbeitnehmer \u00fcbertragenen Arbeiten erheben sollten.Bei au\u00dfergew\u00f6hnlichen Umst\u00e4nden kann Intecma entweder die Bereitstellung von Zeit-Personal verschieben, oder vom Auftrag ganz oder teilweise zur\u00fccktreten. Hierzu geh\u00f6rt jeder Umstand, der die Bereitstellung dauernd oder zeitweise erschwert oder unm\u00f6glich macht. Eine Schadensersatzleistung ist in diesen F\u00e4llen ausgeschlossen.Intecma und der \u00fcberlassene Arbeitnehmer sind zur Geheimhaltung aller Gesch\u00e4ftsangelegenheiten des Auftraggebers verpflichtet.Der entsandte Arbeitnehmer ist von Intecma auf seine berufliche Eignung gepr\u00fcft und einer bestimmten Berufsgruppe zugeordnet worden. Er wird dem Auftraggeber lediglich zur Ausf\u00fchrung der in Auftrag gegebenen T\u00e4tigkeit zur Verf\u00fcgung gestellt und darf nur diejenigen Ger\u00e4te, Maschinen, Werkzeuge usw. verwenden, oder bedienen, die zur Aus\u00fcbung dieser T\u00e4tigkeit erforderlich sind.Ohne ausdr\u00fcckliche schriftliche Genehmigung darf der entsandte Mitarbeiter weder mit der Bef\u00f6rderung noch mit Umgang oder dem Inkasso von Geld und anderen Zahlungsmitteln beauftragt werden.Im Falle eines Arbeitsunfalls hat der Auftraggeber Intecma unverz\u00fcglich zu benachrichtigen. Gem\u00e4\u00df \u00a7 1553 Abs. 4 RVO ist der Auftraggeber ebenfalls zur Unfallmeldung an seinen Versicherungstr\u00e4ger verpflichtet.Wir der Betrieb des Auftraggebers legal bestreikt, so stellt Intecma kein Personal zur Verf\u00fcgung.Die Preise gelten, falls nicht ausdr\u00fccklich anders vereinbart, ohne Zuschl\u00e4ge f\u00fcr \u00dcberstunden, Nachtstunden, Schichtarbeit, Sonn- und Feiertage. Eine angemessene Erh\u00f6hung der Preise bleibt vorbehalten, wenn nach Vertragsabschlu\u00df tariflich bedingte Lohnerh\u00f6hungen eingetreten, oder Umst\u00e4nde, die Intecma nicht zu vertreten hat, eine Verteuerung herbeif\u00fchren.Die Verg\u00fctung des entsandten Mitarbeiters erfolgt ausschlie\u00dflich durch Intecma. Er ist nicht berechtigt, Vorsch\u00fcsse oder irgendwelche Zahlung vom Kunden entgegenzunehmen.Die Abrechnung erfolgt w\u00f6chentlich im Hinblick darauf, dass Intecma L\u00f6hne und Sozialleistungen an seine Mitarbeiter w\u00f6chentlich auszahlt, sind die Rechnungen sofort nach Erhalt rein netto Kasse zu begleichen. Der Auftraggeber ist verpflichtet, die ihm w\u00f6chentlich oder unmittelbar nach Beendigung des Auftrages von Intecma vorzulegende Arbeitszeitnachweise zu unterzeichnen und an Intecma zur\u00fcckzusenden.Gew\u00e4hrleistungFalls dem Auftraggeber die Leistungen eines von Intecma entsandten Mitarbeiters nicht ausreichend erscheinen und er Intecma innerhalb der ersten vier Stunden nach Dienstantritt davon verst\u00e4ndigt, wird Intecma im Rahmen der M\u00f6glichkeiten eine Ersatzkraft zur Verf\u00fcgung stellen. Diese vier Stunden werden dem Auftraggeber dann jedoch nicht berechnet.<br \/>\nDar\u00fcber hinaus hat der Auftraggeber das Recht, den Vertrag innerhalb der ersten f\u00fcnf Arbeitstage mit einer Frist von zwei Arbeitstagen zum Ende eines Arbeitstages zu k\u00fcndigen. In diesem Fall sind die tats\u00e4chlich geleisteten Arbeitsstunden zu verg\u00fcten.<br \/>\n14. Gerichtstand der Gesellschaft ist Remscheid.<\/p>\n<p>Die Intecma Personaldienstleistungs GmbH ist im Besitz der unbefristeten Erlaubnis, ausgestellt vom Landesarbeitsamt D\u00fcsseldorf mit Datum vom 07.10.1997.<\/p>\n<\/div><div class=\"fusion-clearfix\"><\/div><\/div><\/div><\/div><\/div>\n","protected":false},"excerpt":{"rendered":"","protected":false},"author":1,"featured_media":0,"parent":0,"menu_order":0,"comment_status":"closed","ping_status":"closed","template":"100-width.php","meta":{"footnotes":""},"class_list":["post-84","page","type-page","status-publish","hentry"],"_links":{"self":[{"href":"https:\/\/intecma.biz\/personal-reinigung-gebaeude\/wp-json\/wp\/v2\/pages\/84","targetHints":{"allow":["GET"]}}],"collection":[{"href":"https:\/\/intecma.biz\/personal-reinigung-gebaeude\/wp-json\/wp\/v2\/pages"}],"about":[{"href":"https:\/\/intecma.biz\/personal-reinigung-gebaeude\/wp-json\/wp\/v2\/types\/page"}],"author":[{"embeddable":true,"href":"https:\/\/intecma.biz\/personal-reinigung-gebaeude\/wp-json\/wp\/v2\/users\/1"}],"replies":[{"embeddable":true,"href":"https:\/\/intecma.biz\/personal-reinigung-gebaeude\/wp-json\/wp\/v2\/comments?post=84"}],"version-history":[{"count":25,"href":"https:\/\/intecma.biz\/personal-reinigung-gebaeude\/wp-json\/wp\/v2\/pages\/84\/revisions"}],"predecessor-version":[{"id":1130,"href":"https:\/\/intecma.biz\/personal-reinigung-gebaeude\/wp-json\/wp\/v2\/pages\/84\/revisions\/1130"}],"wp:attachment":[{"href":"https:\/\/intecma.biz\/personal-reinigung-gebaeude\/wp-json\/wp\/v2\/media?parent=84"}],"curies":[{"name":"wp","href":"https:\/\/api.w.org\/{rel}","templated":true}]}}