{"id":211,"date":"2016-02-07T11:50:16","date_gmt":"2016-02-07T10:50:16","guid":{"rendered":"http:\/\/intecma.biz\/?page_id=211"},"modified":"2018-08-02T08:34:55","modified_gmt":"2018-08-02T06:34:55","slug":"ueber-uns","status":"publish","type":"page","link":"https:\/\/intecma.biz\/personal-reinigung-gebaeude\/ueber-uns\/","title":{"rendered":"\u00dcber uns"},"content":{"rendered":"<div class=\"fusion-fullwidth fullwidth-box fusion-builder-row-1 nonhundred-percent-fullwidth non-hundred-percent-height-scrolling\" style=\"--awb-background-position:left top;--awb-border-radius-top-left:0px;--awb-border-radius-top-right:0px;--awb-border-radius-bottom-right:0px;--awb-border-radius-bottom-left:0px;--awb-padding-top:20px;--awb-padding-bottom:20px;--awb-background-color:#f6f6f6;--awb-border-sizes-top:0px;--awb-border-sizes-bottom:0px;--awb-flex-wrap:wrap;\" ><div class=\"fusion-builder-row fusion-row\"><div class=\"fusion-layout-column fusion_builder_column fusion-builder-column-0 fusion_builder_column_1_1 1_1 fusion-one-full fusion-column-first fusion-column-last fusion-column-no-min-height\" style=\"--awb-bg-size:cover;--awb-margin-bottom:0px;\"><div class=\"fusion-column-wrapper fusion-flex-column-wrapper-legacy\"><div class=\"fusion-text fusion-text-1\"><p>INTECMA Personaldienstleistungs GmbH<\/p>\n<p>Die INTECMA Zeitarbeit wurde im Jahre 1978 gegr\u00fcndet, damals mit Hauptsitz in Viersen.<\/p>\n<p>Im April 1990 \u00f6ffnete die INTECMA Personaldienstleistung in Remscheid ihre Pforten. Seit diesem Tag ist Frau Ullrich erfolgreich f\u00fcr ihre Kunden im Bergischen Land t\u00e4tig. Heute steht die Arbeitnehmer\u00fcberlassung in einem neuen Leitbild, erh\u00f6ht die Wettbewerbsf\u00e4higkeit der Unternehmen und er\u00f6ffnet den Arbeitslosen den Wiedereinstieg in den Arbeitsmarkt. Wir bieten Arbeitspl\u00e4tze, welche langfristig besetzt werden m\u00fcssen. Die Kundenunternehmen fordern heute einerseits hohe fachliche und inhaltliche Kompetenzen von ihrem Personaldienstleister, andererseits erwarten sie ganzheitliche L\u00f6sungen auf individuelle Probleme.<\/p>\n<p>Jedes Jahr werden im Durchschnitt 40% unserer Mitarbeiter\/innen von unseren Kunden in ein festes Arbeitsverh\u00e4ltnis \u00fcbernommen. Dies ist f\u00fcr den Kunden ohne Kosten verbunden, da uns eine langfristige und ehrliche Zusammenarbeit deutlich wichtiger ist, als Abl\u00f6sesummen f\u00fcr unsere Mitarbeiter zu erhalten. Zurzeit sind 85% unserer Mitarbeiter l\u00e4nger als 18 Monate in unserem Unternehmen t\u00e4tig. Sie z\u00e4hlen somit ebenso zum Stammpersonal wie auch die Mitarbeiter, die seit mehreren Jahren bei uns besch\u00e4ftigt sind.<\/p>\n<p>Wir sind davon \u00fcberzeugt, dass die erfolgreiche Zusammenarbeit in den Kundenbetrieben von unseren motivierten und zuverl\u00e4ssigen Mitarbeitern abh\u00e4ngt. Diese gute Motivation erreichen wir, indem wir unsere Mitarbeiter oftmals \u00fcbertariflich entlohnen und auf die sozialversicherungsrechtlichen Grundlagen sehr hohen Wert legen. Ebenso ist die menschliche Ansprache in unserem Hause ein wichtiger Faktor, den unsere Mitarbeiter zu sch\u00e4tzen wissen, insbesondere da wir gro\u00dfen Wert auf die Arbeitsbedingungen und die Arbeitssicherheit f\u00fcr unsere Mitarbeiter legen.<\/p>\n<p>Wir sehen der Entwicklung im Personaldienstleistungssektor positiv entgegen und freuen uns auch in den n\u00e4chsten Jahren erfolgreich f\u00fcr unsere Kunden t\u00e4tig werden zu k\u00f6nnen.<\/p>\n<\/div><div class=\"fusion-clearfix\"><\/div><\/div><\/div><\/div><\/div>\n","protected":false},"excerpt":{"rendered":"","protected":false},"author":1,"featured_media":0,"parent":0,"menu_order":0,"comment_status":"closed","ping_status":"closed","template":"100-width.php","meta":{"footnotes":""},"class_list":["post-211","page","type-page","status-publish","hentry"],"_links":{"self":[{"href":"https:\/\/intecma.biz\/personal-reinigung-gebaeude\/wp-json\/wp\/v2\/pages\/211","targetHints":{"allow":["GET"]}}],"collection":[{"href":"https:\/\/intecma.biz\/personal-reinigung-gebaeude\/wp-json\/wp\/v2\/pages"}],"about":[{"href":"https:\/\/intecma.biz\/personal-reinigung-gebaeude\/wp-json\/wp\/v2\/types\/page"}],"author":[{"embeddable":true,"href":"https:\/\/intecma.biz\/personal-reinigung-gebaeude\/wp-json\/wp\/v2\/users\/1"}],"replies":[{"embeddable":true,"href":"https:\/\/intecma.biz\/personal-reinigung-gebaeude\/wp-json\/wp\/v2\/comments?post=211"}],"version-history":[{"count":4,"href":"https:\/\/intecma.biz\/personal-reinigung-gebaeude\/wp-json\/wp\/v2\/pages\/211\/revisions"}],"predecessor-version":[{"id":1131,"href":"https:\/\/intecma.biz\/personal-reinigung-gebaeude\/wp-json\/wp\/v2\/pages\/211\/revisions\/1131"}],"wp:attachment":[{"href":"https:\/\/intecma.biz\/personal-reinigung-gebaeude\/wp-json\/wp\/v2\/media?parent=211"}],"curies":[{"name":"wp","href":"https:\/\/api.w.org\/{rel}","templated":true}]}}